{"id":1397,"date":"2024-09-24T18:49:18","date_gmt":"2024-09-24T18:49:18","guid":{"rendered":"https:\/\/www.rte-international.com\/legal-notices\/"},"modified":"2024-09-25T10:59:55","modified_gmt":"2024-09-25T10:59:55","slug":"legal-notices","status":"publish","type":"page","link":"https:\/\/www.rte-international.com\/en\/legal-notices\/","title":{"rendered":"Legal notices"},"content":{"rendered":"\t\t<div data-elementor-type=\"wp-page\" data-elementor-id=\"1397\" class=\"elementor elementor-1397 elementor-959\" data-elementor-post-type=\"page\">\n\t\t\t\t<div class=\"elementor-element elementor-element-313aa1f e-flex e-con-boxed e-con e-parent\" data-id=\"313aa1f\" data-element_type=\"container\" data-e-type=\"container\" data-settings=\"{&quot;background_background&quot;:&quot;classic&quot;,&quot;jet_parallax_layout_list&quot;:[]}\">\n\t\t\t\t\t<div class=\"e-con-inner\">\n\t\t\t\t<div class=\"elementor-element elementor-element-cef4969 elementor-widget elementor-widget-heading\" data-id=\"cef4969\" data-element_type=\"widget\" data-e-type=\"widget\" data-widget_type=\"heading.default\">\n\t\t\t\t<div class=\"elementor-widget-container\">\n\t\t\t\t\t<h1 class=\"elementor-heading-title elementor-size-default\">Legal notices<\/h1>\t\t\t\t<\/div>\n\t\t\t\t<\/div>\n\t\t\t\t\t<\/div>\n\t\t\t\t<\/div>\n\t\t<div class=\"elementor-element elementor-element-5c57fd9 e-flex e-con-boxed e-con e-parent\" data-id=\"5c57fd9\" data-element_type=\"container\" data-e-type=\"container\" id=\"content\" data-settings=\"{&quot;jet_parallax_layout_list&quot;:[]}\">\n\t\t\t\t\t<div class=\"e-con-inner\">\n\t\t\t\t<div class=\"elementor-element elementor-element-e4d3567 elementor-widget elementor-widget-text-editor\" data-id=\"e4d3567\" data-element_type=\"widget\" data-e-type=\"widget\" data-widget_type=\"text-editor.default\">\n\t\t\t\t<div class=\"elementor-widget-container\">\n\t\t\t\t\t\t\t\t\t<h3 class=\"\">Pr\u00e9sentation du site internet<\/h3>\n<p>Le site \u00ab www.rte-international.com \u00bb est la propri\u00e9t\u00e9 de RTE international, soci\u00e9t\u00e9 par actions simplifi\u00e9e unipersonnelle (SASU), au capital social de 2 000 000\u20ac, Num\u00e9ro de TVA : FR 22 424 761 419, dont le si\u00e8ge social est Tour Le Lafayette, 2 place des Vosges 92051 La D\u00e9fense Cedex<\/p>\n<p>Directeur de la publication : Veronika Milewski \u2013 <a href=\"mailto:veronika.milewski@rte-international.com\">veronika.milewski@rte-international.com<\/a><br \/>Webmaster : <a href=\"mailto:contact@rte-international.com\">contact@rte-international.com<\/a><br \/>H\u00e9bergeur : OVH \u2013 2 rue Kellermann, 59100 Roubaix<br \/>D\u00e9l\u00e9gu\u00e9 \u00e0 la protection des donn\u00e9es : <a href=\"mailto:dpo@rte-international.com\">dpo@rte-international.com<\/a><\/p>\n<h3 class=\"mt-10\">Conditions g\u00e9n\u00e9rales d\u2019utilisation<\/h3>\n<p>Le site \u00ab www.rte-international.com \u00bb constitue une \u0153uvre de l\u2019esprit prot\u00e9g\u00e9e par les dispositions du Code de la Propri\u00e9t\u00e9 Intellectuelle et des R\u00e9glementations Internationales applicables. L\u2019internaute utilisant ce site internet (d\u00e9nomm\u00e9 ci-apr\u00e8s \u00ab Utilisateur \u00bb) ne peut en aucune mani\u00e8re r\u00e9utiliser, c\u00e9der ou exploiter pour son propre compte tout ou partie des \u00e9l\u00e9ments ou travaux du pr\u00e9sent site. <\/p>\n<p>La navigation sur le site \u00ab www.rte-international.com \u00bb implique l\u2019acceptation pleine et enti\u00e8re des conditions g\u00e9n\u00e9rales d\u2019utilisation ci-apr\u00e8s d\u00e9crites. Ces conditions d\u2019utilisation sont susceptibles d\u2019\u00eatre modifi\u00e9es ou compl\u00e9t\u00e9es \u00e0 tout moment, les Utilisateurs du site sont donc invit\u00e9s \u00e0 les consulter de mani\u00e8re r\u00e9guli\u00e8re. <\/p>\n<p>Ce site internet est normalement accessible \u00e0 tout moment aux Utilisateurs. Une interruption pour raison de maintenance technique peut \u00eatre toutefois d\u00e9cid\u00e9e par RTE international, qui s\u2019efforcera d\u2019en avertir pr\u00e9alablement les Utilisateurs. <\/p>\n<p>RTE international ne saurait \u00eatre tenu pour responsable des dommages directs ou indirects qui pourraient r\u00e9sulter de l\u2019acc\u00e8s ou de l\u2019utilisation de son site internet, y compris l\u2019inaccessibilit\u00e9, les pertes de donn\u00e9es, d\u00e9t\u00e9riorations, destructions ou virus qui pourraient affecter l\u2019\u00e9quipement informatique de l\u2019Utilisateur, et\/ou de la pr\u00e9sence de virus sur son site.<\/p>\n<h3 class=\"mt-10\">Objet du site<\/h3>\n<p>Le site internet a pour objet de fournir une information concernant l\u2019ensemble des activit\u00e9s de la soci\u00e9t\u00e9 RTE international. RTE international s\u2019efforce de fournir sur le site \u00ab www.rte-international.com \u00bb des informations aussi pr\u00e9cises que possible. Toutefois, il ne pourra \u00eatre tenu responsable des oublis, des inexactitudes et des carences dans la mise \u00e0 jour.  <\/p>\n<p>Toutes les informations indiqu\u00e9es sur le site \u00ab www.rte-international.com \u00bb : sont donn\u00e9es \u00e0 titre indicatif, et sont susceptibles d\u2019\u00e9voluer ; ne sont pas exhaustives et sont donn\u00e9es sous r\u00e9serve de modifications ayant \u00e9t\u00e9 apport\u00e9es depuis leur mise en ligne.<\/p>\n<h3 class=\"mt-10\">Propri\u00e9t\u00e9 intellectuelle et contrefa\u00e7ons<\/h3>\n<p>RTE international est propri\u00e9taire des droits de propri\u00e9t\u00e9 intellectuelle et d\u00e9tient les droits d\u2019usage sur tous les \u00e9l\u00e9ments accessibles sur le site internet, notamment les textes, images, graphismes, logos, vid\u00e9os, ic\u00f4nes et sons. Toute reproduction, repr\u00e9sentation, modification, publication, adaptation de tout ou partie des \u00e9l\u00e9ments du site, quel que soit le moyen ou le proc\u00e9d\u00e9 utilis\u00e9, est interdite, sauf autorisation \u00e9crite pr\u00e9alable de RTE international. Aussi, dans le cadre d\u2019une telle autorisation, le demandeur sera tenu de citer sa source et RTE international ne saurait \u00eatre tenu pour responsable de l\u2019utilisation que fera ce dernier des contenus qu\u2019il reconnait utiliser sous sa responsabilit\u00e9 exclusive.  <\/p>\n<p>Toute exploitation non autoris\u00e9e du site ou de l\u2019un quelconque des \u00e9l\u00e9ments qu\u2019il contient sera consid\u00e9r\u00e9e comme constitutive d\u2019une contrefa\u00e7on et poursuivie conform\u00e9ment aux dispositions des articles L.335-2 et suivants du Code de Propri\u00e9t\u00e9 Intellectuelle.<\/p>\n<h3 class=\"mt-10\">Cookies<\/h3>\n<p>Un \u00ab cookie \u00bb est un petit fichier d\u2019information envoy\u00e9 sur le navigateur de l\u2019Utilisateur et enregistr\u00e9 au sein du terminal de l\u2019Utilisateur (ex : ordinateur, smartphone) Les cookies ne risquent en aucun cas d\u2019endommager le terminal de l\u2019Utilisateur.<\/p>\n<p>RTE international est susceptible de traiter les informations de l\u2019Utilisateur concernant sa visite du site, telles que les pages consult\u00e9es, les recherches effectu\u00e9es. Ces informations permettent \u00e0 RTE international d\u2019am\u00e9liorer le contenu du site, de la navigation de l\u2019Utilisateur. <\/p>\n<p>Si l\u2019Utilisateur refuse l\u2019enregistrement de Cookies dans son terminal ou son navigateur, ou si l\u2019Utilisateur supprime ceux qui y sont enregistr\u00e9s, l\u2019Utilisateur est inform\u00e9 que sa navigation et son exp\u00e9rience sur le site peuvent \u00eatre limit\u00e9es. Cela pourrait \u00e9galement \u00eatre le cas lorsque RTE international ou l\u2019un de ses prestataires ne peut pas reconna\u00eetre, \u00e0 des fins de compatibilit\u00e9 technique, le type de navigateur utilis\u00e9 par le terminal, les param\u00e8tres de langue et d\u2019affichage ou le pays depuis lequel le terminal semble connect\u00e9 \u00e0 Internet. <\/p>\n<p>Le cas \u00e9ch\u00e9ant, RTE international d\u00e9cline toute responsabilit\u00e9 pour les cons\u00e9quences li\u00e9es au fonctionnement d\u00e9grad\u00e9 du site.<\/p>\n<h3 class=\"mt-10\">Droit applicable et attribution de juridiction<\/h3>\n<p>Le droit applicable est le droit fran\u00e7ais. Pour tout litige, il est fait attribution exclusive de juridiction aux tribunaux comp\u00e9tents du ressort de la Cour d\u2019Appel de Paris (France). <\/p>\n<p>La majorit\u00e9 des contenus en ligne sur le site \u00ab www.rte-international.com \u00bb sont propos\u00e9s en fran\u00e7ais, en anglais et en espagnol. En cas de litige, c\u2019est la langue fran\u00e7aise qui fera foi. <\/p>\n<h3 class=\"mt-10\">Gestion des donn\u00e9es personnelles<\/h3>\n<p><a href=\"https:\/\/www.rte-international.com\/en\/audience-measurement-cookies\/\"><a href=\"https:\/\/www.rte-international.com\/en\/audience-measurement-cookies\/\">En savoir plus<\/a><\/a><\/p>\n\t\t\t\t\t\t\t\t<\/div>\n\t\t\t\t<\/div>\n\t\t\t\t\t<\/div>\n\t\t\t\t<\/div>\n\t\t\t\t<\/div>\n\t\t","protected":false},"excerpt":{"rendered":"<p>Legal notices Pr\u00e9sentation du site internet Le site \u00ab www.rte-international.com \u00bb est la propri\u00e9t\u00e9 de RTE international, soci\u00e9t\u00e9 par actions simplifi\u00e9e unipersonnelle (SASU), au capital social de 2 000 000\u20ac, Num\u00e9ro de TVA : FR 22 424 761 419, dont le si\u00e8ge social est Tour Le Lafayette, 2 place des Vosges 92051 La D\u00e9fense Cedex [&hellip;]<\/p>\n","protected":false},"author":1,"featured_media":1195,"parent":0,"menu_order":0,"comment_status":"closed","ping_status":"closed","template":"","meta":{"footnotes":""},"class_list":["post-1397","page","type-page","status-publish","has-post-thumbnail","hentry"],"yoast_head":"<!-- This site is optimized with the Yoast SEO plugin v27.3 - https:\/\/yoast.com\/product\/yoast-seo-wordpress\/ -->\n<title>Legal notices - RTE INTERNATIONAL<\/title>\n<meta name=\"robots\" content=\"index, follow, max-snippet:-1, max-image-preview:large, max-video-preview:-1\" \/>\n<link rel=\"canonical\" href=\"https:\/\/www.rte-international.com\/en\/legal-notices\/\" \/>\n<meta property=\"og:locale\" content=\"en_US\" \/>\n<meta property=\"og:type\" content=\"article\" \/>\n<meta property=\"og:title\" content=\"Legal notices - RTE INTERNATIONAL\" \/>\n<meta property=\"og:description\" content=\"Legal notices Pr\u00e9sentation du site internet Le site \u00ab www.rte-international.com \u00bb est la propri\u00e9t\u00e9 de RTE international, soci\u00e9t\u00e9 par actions simplifi\u00e9e unipersonnelle (SASU), au capital social de 2 000 000\u20ac, Num\u00e9ro de TVA : FR 22 424 761 419, dont le si\u00e8ge social est Tour Le Lafayette, 2 place des Vosges 92051 La D\u00e9fense Cedex [&hellip;]\" \/>\n<meta property=\"og:url\" content=\"https:\/\/www.rte-international.com\/en\/legal-notices\/\" \/>\n<meta property=\"og:site_name\" content=\"RTE INTERNATIONAL\" \/>\n<meta property=\"article:modified_time\" content=\"2024-09-25T10:59:55+00:00\" \/>\n<meta name=\"twitter:card\" content=\"summary_large_image\" \/>\n<meta name=\"twitter:label1\" content=\"Est. reading time\" \/>\n\t<meta name=\"twitter:data1\" content=\"4 minutes\" \/>\n<script type=\"application\/ld+json\" class=\"yoast-schema-graph\">{\"@context\":\"https:\\\/\\\/schema.org\",\"@graph\":[{\"@type\":\"WebPage\",\"@id\":\"https:\\\/\\\/www.rte-international.com\\\/en\\\/legal-notices\\\/\",\"url\":\"https:\\\/\\\/www.rte-international.com\\\/en\\\/legal-notices\\\/\",\"name\":\"Legal notices - RTE INTERNATIONAL\",\"isPartOf\":{\"@id\":\"https:\\\/\\\/www.rte-international.com\\\/#website\"},\"primaryImageOfPage\":{\"@id\":\"https:\\\/\\\/www.rte-international.com\\\/en\\\/legal-notices\\\/#primaryimage\"},\"image\":{\"@id\":\"https:\\\/\\\/www.rte-international.com\\\/en\\\/legal-notices\\\/#primaryimage\"},\"thumbnailUrl\":\"https:\\\/\\\/www.rte-international.com\\\/wp-content\\\/uploads\\\/2024\\\/09\\\/Image-en-tete.jpeg\",\"datePublished\":\"2024-09-24T18:49:18+00:00\",\"dateModified\":\"2024-09-25T10:59:55+00:00\",\"breadcrumb\":{\"@id\":\"https:\\\/\\\/www.rte-international.com\\\/en\\\/legal-notices\\\/#breadcrumb\"},\"inLanguage\":\"en-US\",\"potentialAction\":[{\"@type\":\"ReadAction\",\"target\":[\"https:\\\/\\\/www.rte-international.com\\\/en\\\/legal-notices\\\/\"]}]},{\"@type\":\"ImageObject\",\"inLanguage\":\"en-US\",\"@id\":\"https:\\\/\\\/www.rte-international.com\\\/en\\\/legal-notices\\\/#primaryimage\",\"url\":\"https:\\\/\\\/www.rte-international.com\\\/wp-content\\\/uploads\\\/2024\\\/09\\\/Image-en-tete.jpeg\",\"contentUrl\":\"https:\\\/\\\/www.rte-international.com\\\/wp-content\\\/uploads\\\/2024\\\/09\\\/Image-en-tete.jpeg\",\"width\":2400,\"height\":941},{\"@type\":\"BreadcrumbList\",\"@id\":\"https:\\\/\\\/www.rte-international.com\\\/en\\\/legal-notices\\\/#breadcrumb\",\"itemListElement\":[{\"@type\":\"ListItem\",\"position\":1,\"name\":\"Accueil\",\"item\":\"https:\\\/\\\/www.rte-international.com\\\/en\\\/\"},{\"@type\":\"ListItem\",\"position\":2,\"name\":\"Legal notices\"}]},{\"@type\":\"WebSite\",\"@id\":\"https:\\\/\\\/www.rte-international.com\\\/#website\",\"url\":\"https:\\\/\\\/www.rte-international.com\\\/\",\"name\":\"RTE INTERNATIONAL\",\"description\":\"EMPOWERING A SUSTAINABLE FUTURE\",\"publisher\":{\"@id\":\"https:\\\/\\\/www.rte-international.com\\\/#organization\"},\"potentialAction\":[{\"@type\":\"SearchAction\",\"target\":{\"@type\":\"EntryPoint\",\"urlTemplate\":\"https:\\\/\\\/www.rte-international.com\\\/?s={search_term_string}\"},\"query-input\":{\"@type\":\"PropertyValueSpecification\",\"valueRequired\":true,\"valueName\":\"search_term_string\"}}],\"inLanguage\":\"en-US\"},{\"@type\":\"Organization\",\"@id\":\"https:\\\/\\\/www.rte-international.com\\\/#organization\",\"name\":\"RTE INTERNATIONAL\",\"url\":\"https:\\\/\\\/www.rte-international.com\\\/\",\"logo\":{\"@type\":\"ImageObject\",\"inLanguage\":\"en-US\",\"@id\":\"https:\\\/\\\/www.rte-international.com\\\/#\\\/schema\\\/logo\\\/image\\\/\",\"url\":\"https:\\\/\\\/www.rte-international.com\\\/wp-content\\\/uploads\\\/2024\\\/09\\\/logo.webp\",\"contentUrl\":\"https:\\\/\\\/www.rte-international.com\\\/wp-content\\\/uploads\\\/2024\\\/09\\\/logo.webp\",\"width\":563,\"height\":563,\"caption\":\"RTE INTERNATIONAL\"},\"image\":{\"@id\":\"https:\\\/\\\/www.rte-international.com\\\/#\\\/schema\\\/logo\\\/image\\\/\"}}]}<\/script>\n<!-- \/ Yoast SEO plugin. -->","yoast_head_json":{"title":"Legal notices - RTE INTERNATIONAL","robots":{"index":"index","follow":"follow","max-snippet":"max-snippet:-1","max-image-preview":"max-image-preview:large","max-video-preview":"max-video-preview:-1"},"canonical":"https:\/\/www.rte-international.com\/en\/legal-notices\/","og_locale":"en_US","og_type":"article","og_title":"Legal notices - RTE INTERNATIONAL","og_description":"Legal notices Pr\u00e9sentation du site internet Le site \u00ab www.rte-international.com \u00bb est la propri\u00e9t\u00e9 de RTE international, soci\u00e9t\u00e9 par actions simplifi\u00e9e unipersonnelle (SASU), au capital social de 2 000 000\u20ac, Num\u00e9ro de TVA : FR 22 424 761 419, dont le si\u00e8ge social est Tour Le Lafayette, 2 place des Vosges 92051 La D\u00e9fense Cedex [&hellip;]","og_url":"https:\/\/www.rte-international.com\/en\/legal-notices\/","og_site_name":"RTE INTERNATIONAL","article_modified_time":"2024-09-25T10:59:55+00:00","twitter_card":"summary_large_image","twitter_misc":{"Est. reading time":"4 minutes"},"schema":{"@context":"https:\/\/schema.org","@graph":[{"@type":"WebPage","@id":"https:\/\/www.rte-international.com\/en\/legal-notices\/","url":"https:\/\/www.rte-international.com\/en\/legal-notices\/","name":"Legal notices - RTE INTERNATIONAL","isPartOf":{"@id":"https:\/\/www.rte-international.com\/#website"},"primaryImageOfPage":{"@id":"https:\/\/www.rte-international.com\/en\/legal-notices\/#primaryimage"},"image":{"@id":"https:\/\/www.rte-international.com\/en\/legal-notices\/#primaryimage"},"thumbnailUrl":"https:\/\/www.rte-international.com\/wp-content\/uploads\/2024\/09\/Image-en-tete.jpeg","datePublished":"2024-09-24T18:49:18+00:00","dateModified":"2024-09-25T10:59:55+00:00","breadcrumb":{"@id":"https:\/\/www.rte-international.com\/en\/legal-notices\/#breadcrumb"},"inLanguage":"en-US","potentialAction":[{"@type":"ReadAction","target":["https:\/\/www.rte-international.com\/en\/legal-notices\/"]}]},{"@type":"ImageObject","inLanguage":"en-US","@id":"https:\/\/www.rte-international.com\/en\/legal-notices\/#primaryimage","url":"https:\/\/www.rte-international.com\/wp-content\/uploads\/2024\/09\/Image-en-tete.jpeg","contentUrl":"https:\/\/www.rte-international.com\/wp-content\/uploads\/2024\/09\/Image-en-tete.jpeg","width":2400,"height":941},{"@type":"BreadcrumbList","@id":"https:\/\/www.rte-international.com\/en\/legal-notices\/#breadcrumb","itemListElement":[{"@type":"ListItem","position":1,"name":"Accueil","item":"https:\/\/www.rte-international.com\/en\/"},{"@type":"ListItem","position":2,"name":"Legal notices"}]},{"@type":"WebSite","@id":"https:\/\/www.rte-international.com\/#website","url":"https:\/\/www.rte-international.com\/","name":"RTE INTERNATIONAL","description":"EMPOWERING A SUSTAINABLE FUTURE","publisher":{"@id":"https:\/\/www.rte-international.com\/#organization"},"potentialAction":[{"@type":"SearchAction","target":{"@type":"EntryPoint","urlTemplate":"https:\/\/www.rte-international.com\/?s={search_term_string}"},"query-input":{"@type":"PropertyValueSpecification","valueRequired":true,"valueName":"search_term_string"}}],"inLanguage":"en-US"},{"@type":"Organization","@id":"https:\/\/www.rte-international.com\/#organization","name":"RTE INTERNATIONAL","url":"https:\/\/www.rte-international.com\/","logo":{"@type":"ImageObject","inLanguage":"en-US","@id":"https:\/\/www.rte-international.com\/#\/schema\/logo\/image\/","url":"https:\/\/www.rte-international.com\/wp-content\/uploads\/2024\/09\/logo.webp","contentUrl":"https:\/\/www.rte-international.com\/wp-content\/uploads\/2024\/09\/logo.webp","width":563,"height":563,"caption":"RTE INTERNATIONAL"},"image":{"@id":"https:\/\/www.rte-international.com\/#\/schema\/logo\/image\/"}}]}},"_links":{"self":[{"href":"https:\/\/www.rte-international.com\/en\/wp-json\/wp\/v2\/pages\/1397","targetHints":{"allow":["GET"]}}],"collection":[{"href":"https:\/\/www.rte-international.com\/en\/wp-json\/wp\/v2\/pages"}],"about":[{"href":"https:\/\/www.rte-international.com\/en\/wp-json\/wp\/v2\/types\/page"}],"author":[{"embeddable":true,"href":"https:\/\/www.rte-international.com\/en\/wp-json\/wp\/v2\/users\/1"}],"replies":[{"embeddable":true,"href":"https:\/\/www.rte-international.com\/en\/wp-json\/wp\/v2\/comments?post=1397"}],"version-history":[{"count":1,"href":"https:\/\/www.rte-international.com\/en\/wp-json\/wp\/v2\/pages\/1397\/revisions"}],"predecessor-version":[{"id":1398,"href":"https:\/\/www.rte-international.com\/en\/wp-json\/wp\/v2\/pages\/1397\/revisions\/1398"}],"wp:featuredmedia":[{"embeddable":true,"href":"https:\/\/www.rte-international.com\/en\/wp-json\/wp\/v2\/media\/1195"}],"wp:attachment":[{"href":"https:\/\/www.rte-international.com\/en\/wp-json\/wp\/v2\/media?parent=1397"}],"curies":[{"name":"wp","href":"https:\/\/api.w.org\/{rel}","templated":true}]}}